{"id":74,"date":"2016-07-24T09:26:51","date_gmt":"2016-07-24T08:26:51","guid":{"rendered":"http:\/\/demainsansmucoviscidose.org\/?page_id=74"},"modified":"2026-02-14T17:25:30","modified_gmt":"2026-02-14T16:25:30","slug":"adherer","status":"publish","type":"page","link":"https:\/\/demainsansmucoviscidose.org\/index.php\/adherer\/","title":{"rendered":"Adh\u00e9rer ou faire un don"},"content":{"rendered":"<h1 style=\"text-align: center;\"><img loading=\"lazy\" decoding=\"async\" class=\"wp-image-27 alignleft\" src=\"http:\/\/demainsansmucoviscidose.org\/wp-content\/uploads\/2016\/07\/logo-DSM-275x300.jpg\" alt=\"logo DSM\" width=\"105\" height=\"115\" srcset=\"https:\/\/demainsansmucoviscidose.org\/wp-content\/uploads\/2016\/07\/logo-DSM-275x300.jpg 275w, https:\/\/demainsansmucoviscidose.org\/wp-content\/uploads\/2016\/07\/logo-DSM.jpg 323w\" sizes=\"auto, (max-width: 105px) 100vw, 105px\" \/><\/h1>\n<h1 style=\"text-align: center;\"><strong>Bulletin de dons et d&rsquo;adh\u00e9sions\u00a0<\/strong><\/h1>\n<p style=\"text-align: center;\"><span style=\"font-size: xx-small;\"><strong>\u00ab\u00a0les petits ruisseaux font la grande rivi\u00e8re qui emportera demain la mucoviscidose\u00a0\u00bb<\/strong><\/span><\/p>\n<p style=\"text-align: center;\">Pour permettre au plus grand nombre de nous rejoindre,<br \/>\nl\u2019adh\u00e9sion \u00e0 notre association \u00ab\u00a0Demain sans mucoviscidose\u00a0\u00bb n\u2019est que de 10\u20ac soumise \u00e0 cr\u00e9dit d\u2019imp\u00f4t<\/p>\n<hr \/>\n<h3 style=\"text-align: center;\"><span style=\"color: #3366ff;\"><strong>Vous avez plusieurs possibilit\u00e9s pour adh\u00e9rer ou faire un don \u00e0<br \/>\nDEMAIN SANS MUCOVISICODOSE\u00a0<\/strong><\/span><\/h3>\n<ul>\n<li style=\"text-align: left;\">\n<h2>Faire un don et\/ou Adh\u00e9rer \u00e0 DEMAIN SANS MUCOVISCIDOSE en ligne depuis <strong>HelloAsso<\/strong> (paiement s\u00e9curis\u00e9)<br \/>\n&gt; <a href=\"https:\/\/www.helloasso.com\/associations\/demain-sans-mucoviscidose\/formulaires\/5?fbclid=IwAR0idhnbUD6Wpk-Xr7AacH7DArwadlPbLG16oj3OUDIwDoTW4m-XdNyk_bY\" target=\"_blank\" rel=\"noopener noreferrer\">acc\u00e9der au formulaire<\/a>\u00a0*<\/h2>\n<p><em>*\u00a0utiliser l&rsquo;option \u00ab\u00a0Modifier\u00a0\u00bb si vous ne souhaitez pas soutenir HelloAsso pour ce don<\/em><\/p>\n<h2>&gt;QR CODE :<\/h2>\n<p><em><a href=\"http:\/\/demainsansmucoviscidose.org\/wp-content\/uploads\/2023\/01\/qrcode-ADHESION.png\" target=\"_blank\" rel=\"noopener noreferrer\"><img loading=\"lazy\" decoding=\"async\" class=\"alignnone wp-image-2741\" src=\"http:\/\/demainsansmucoviscidose.org\/wp-content\/uploads\/2023\/01\/qrcode-ADHESION-300x300.png\" alt=\"\" width=\"110\" height=\"110\" srcset=\"https:\/\/demainsansmucoviscidose.org\/wp-content\/uploads\/2023\/01\/qrcode-ADHESION-300x300.png 300w, https:\/\/demainsansmucoviscidose.org\/wp-content\/uploads\/2023\/01\/qrcode-ADHESION-150x150.png 150w, https:\/\/demainsansmucoviscidose.org\/wp-content\/uploads\/2023\/01\/qrcode-ADHESION.png 600w\" sizes=\"auto, (max-width: 110px) 100vw, 110px\" \/><\/a><br \/>\n<\/em><\/li>\n<li style=\"text-align: left;\">\n<h2>A partir de\u00a0<a href=\"http:\/\/demainsansmucoviscidose.org\/wp-content\/uploads\/2023\/02\/Flyer-DSM-2023.jpg\" target=\"_blank\" rel=\"noopener noreferrer\">notre flyer et du bulletin d&rsquo;adh\u00e9sion joint<\/a><\/h2>\n<h2>T\u00e9l\u00e9charger <a href=\"http:\/\/demainsansmucoviscidose.org\/wp-content\/uploads\/2023\/02\/BULLETIN-ADHESION-DON.jpg\" target=\"_blank\" rel=\"noopener noreferrer\">le bulletin d&rsquo;adh\u00e9sion<\/a>\u00a0\u00e0 envoyer avec votre ch\u00e8que \u00e0 l&rsquo;adresse indiqu\u00e9e<\/h2>\n<\/li>\n<\/ul>\n<h2 style=\"text-align: center;\" align=\"CENTER\"><span style=\"color: #3366ff;\"><strong>Merci de nous soutenir !<br \/>\n<\/strong>Vos dons et vos adh\u00e9sions nous permettront de venir en aide aux patients de notre R\u00e9gion suivis dans les CRCM de Dijon et Besan\u00e7on<\/span><\/h2>\n","protected":false},"excerpt":{"rendered":"<p>Bulletin de dons et d&rsquo;adh\u00e9sions\u00a0 \u00ab\u00a0les petits ruisseaux font la grande rivi\u00e8re qui emportera demain la mucoviscidose\u00a0\u00bb Pour permettre au plus grand nombre de nous rejoindre, l\u2019adh\u00e9sion \u00e0 notre association \u00ab\u00a0Demain sans mucoviscidose\u00a0\u00bb n\u2019est que de 10\u20ac soumise \u00e0 cr\u00e9dit d\u2019imp\u00f4t Vous avez plusieurs possibilit\u00e9s pour adh\u00e9rer ou faire un don \u00e0 DEMAIN SANS MUCOVISICODOSE\u00a0 &hellip; <\/p>\n<p><a class=\"more-link btn\" href=\"https:\/\/demainsansmucoviscidose.org\/index.php\/adherer\/\">Lire la suite<\/a><\/p>\n","protected":false},"author":1,"featured_media":0,"parent":0,"menu_order":0,"comment_status":"closed","ping_status":"closed","template":"","meta":{"footnotes":""},"class_list":["post-74","page","type-page","status-publish","hentry","nodate","item-wrap"],"_links":{"self":[{"href":"https:\/\/demainsansmucoviscidose.org\/index.php\/wp-json\/wp\/v2\/pages\/74","targetHints":{"allow":["GET"]}}],"collection":[{"href":"https:\/\/demainsansmucoviscidose.org\/index.php\/wp-json\/wp\/v2\/pages"}],"about":[{"href":"https:\/\/demainsansmucoviscidose.org\/index.php\/wp-json\/wp\/v2\/types\/page"}],"author":[{"embeddable":true,"href":"https:\/\/demainsansmucoviscidose.org\/index.php\/wp-json\/wp\/v2\/users\/1"}],"replies":[{"embeddable":true,"href":"https:\/\/demainsansmucoviscidose.org\/index.php\/wp-json\/wp\/v2\/comments?post=74"}],"version-history":[{"count":44,"href":"https:\/\/demainsansmucoviscidose.org\/index.php\/wp-json\/wp\/v2\/pages\/74\/revisions"}],"predecessor-version":[{"id":3506,"href":"https:\/\/demainsansmucoviscidose.org\/index.php\/wp-json\/wp\/v2\/pages\/74\/revisions\/3506"}],"wp:attachment":[{"href":"https:\/\/demainsansmucoviscidose.org\/index.php\/wp-json\/wp\/v2\/media?parent=74"}],"curies":[{"name":"wp","href":"https:\/\/api.w.org\/{rel}","templated":true}]}}