{"id":2,"date":"2016-07-18T09:33:21","date_gmt":"2016-07-18T08:33:21","guid":{"rendered":"http:\/\/demainsansmucoviscidose.org\/?page_id=2"},"modified":"2019-08-31T11:55:23","modified_gmt":"2019-08-31T10:55:23","slug":"contact","status":"publish","type":"page","link":"https:\/\/demainsansmucoviscidose.org\/index.php\/contact\/","title":{"rendered":"Contacts mail"},"content":{"rendered":"<p><img loading=\"lazy\" decoding=\"async\" class=\"wp-image-129 alignnone\" src=\"http:\/\/demainsansmucoviscidose.org\/wp-content\/uploads\/2016\/08\/mail.png\" alt=\"mail\" width=\"86\" height=\"87\" srcset=\"https:\/\/demainsansmucoviscidose.org\/wp-content\/uploads\/2016\/08\/mail.png 224w, https:\/\/demainsansmucoviscidose.org\/wp-content\/uploads\/2016\/08\/mail-150x150.png 150w\" sizes=\"auto, (max-width: 86px) 100vw, 86px\" \/><\/p>\n<h2>\u00a0Association\u00a0<span style=\"font-size: x-large;\"><span style=\"color: #33cc00;\"><span style=\"font-family: AR BERKLEY;\"><b>D<\/b><\/span><\/span><span style=\"color: #3366ff;\"><span style=\"font-family: AR BERKLEY;\"><b>S<\/b><\/span><\/span><span style=\"color: #ff0000;\"><span style=\"font-family: AR BERKLEY;\"><b>M<\/b><\/span><\/span><br \/>\n<\/span><\/h2>\n<h2><\/h2>\n<h2>Demain sans mucoviscidose<\/h2>\n<h3>129 rue St Jean<br \/>\n21 850 St Apollinaire<\/h3>\n<h3>Pr\u00e9sidente: Chantal BARBEY<br \/>\nTr\u00e9sori\u00e8re : Claire BINET<\/h3>\n<h3>Mail de l&rsquo;association <a href=\"mailto:dsmuco21@gmail.com\">dsmuco21@gmail.com<\/a><\/h3>\n<h3>Vous pouvez aussi nous contacter\u00a0\u00e0 l&rsquo;adresse :<a href=\"mailto:contact@demainsansmucoviscidose.org\">contact@demainsansmucoviscidose.org<\/a><\/h3>\n<p>&nbsp;<\/p>\n","protected":false},"excerpt":{"rendered":"<p>\u00a0Association\u00a0DSM Demain sans mucoviscidose 129 rue St Jean 21 850 St Apollinaire Pr\u00e9sidente: Chantal BARBEY Tr\u00e9sori\u00e8re : Claire BINET Mail de l&rsquo;association dsmuco21@gmail.com Vous pouvez aussi nous contacter\u00a0\u00e0 l&rsquo;adresse :contact@demainsansmucoviscidose.org &nbsp;<\/p>\n","protected":false},"author":1,"featured_media":0,"parent":0,"menu_order":0,"comment_status":"closed","ping_status":"open","template":"","meta":{"footnotes":""},"class_list":["post-2","page","type-page","status-publish","hentry","nodate","item-wrap"],"_links":{"self":[{"href":"https:\/\/demainsansmucoviscidose.org\/index.php\/wp-json\/wp\/v2\/pages\/2","targetHints":{"allow":["GET"]}}],"collection":[{"href":"https:\/\/demainsansmucoviscidose.org\/index.php\/wp-json\/wp\/v2\/pages"}],"about":[{"href":"https:\/\/demainsansmucoviscidose.org\/index.php\/wp-json\/wp\/v2\/types\/page"}],"author":[{"embeddable":true,"href":"https:\/\/demainsansmucoviscidose.org\/index.php\/wp-json\/wp\/v2\/users\/1"}],"replies":[{"embeddable":true,"href":"https:\/\/demainsansmucoviscidose.org\/index.php\/wp-json\/wp\/v2\/comments?post=2"}],"version-history":[{"count":14,"href":"https:\/\/demainsansmucoviscidose.org\/index.php\/wp-json\/wp\/v2\/pages\/2\/revisions"}],"predecessor-version":[{"id":1185,"href":"https:\/\/demainsansmucoviscidose.org\/index.php\/wp-json\/wp\/v2\/pages\/2\/revisions\/1185"}],"wp:attachment":[{"href":"https:\/\/demainsansmucoviscidose.org\/index.php\/wp-json\/wp\/v2\/media?parent=2"}],"curies":[{"name":"wp","href":"https:\/\/api.w.org\/{rel}","templated":true}]}}