{"id":1788,"date":"2022-03-04T17:38:46","date_gmt":"2022-03-04T16:38:46","guid":{"rendered":"http:\/\/demainsansmucoviscidose.org\/?page_id=1788"},"modified":"2022-03-04T17:41:34","modified_gmt":"2022-03-04T16:41:34","slug":"contrat-dengagement-republicain","status":"publish","type":"page","link":"https:\/\/demainsansmucoviscidose.org\/index.php\/contrat-dengagement-republicain\/","title":{"rendered":"Contrat d&rsquo;engagement r\u00e9publicain"},"content":{"rendered":"<h3>Le contrat d&rsquo;engagement Republican a \u00e9t\u00e9 sign\u00e9 lors du CA le 28 f\u00e9vrier 2022.<br \/>\n<a href=\"http:\/\/demainsansmucoviscidose.org\/wp-content\/uploads\/2022\/03\/CONTRAT-ENGAGEMENT-REPUBLICAIN-001.jpg\" target=\"_blank\" rel=\"noopener noreferrer\"><img loading=\"lazy\" decoding=\"async\" class=\" wp-image-1792 aligncenter\" src=\"http:\/\/demainsansmucoviscidose.org\/wp-content\/uploads\/2022\/03\/CONTRAT-ENGAGEMENT-REPUBLICAIN-001-212x300.jpg\" alt=\"\" width=\"639\" height=\"905\" srcset=\"https:\/\/demainsansmucoviscidose.org\/wp-content\/uploads\/2022\/03\/CONTRAT-ENGAGEMENT-REPUBLICAIN-001-212x300.jpg 212w, https:\/\/demainsansmucoviscidose.org\/wp-content\/uploads\/2022\/03\/CONTRAT-ENGAGEMENT-REPUBLICAIN-001-768x1086.jpg 768w, https:\/\/demainsansmucoviscidose.org\/wp-content\/uploads\/2022\/03\/CONTRAT-ENGAGEMENT-REPUBLICAIN-001-724x1024.jpg 724w, https:\/\/demainsansmucoviscidose.org\/wp-content\/uploads\/2022\/03\/CONTRAT-ENGAGEMENT-REPUBLICAIN-001.jpg 1653w\" sizes=\"auto, (max-width: 639px) 100vw, 639px\" \/><\/a><\/h3>\n<p><a href=\"http:\/\/demainsansmucoviscidose.org\/wp-content\/uploads\/2022\/03\/CONTRAT-ENGAGEMENT-REPUBLICAIN-002.jpg\" target=\"_blank\" rel=\"noopener noreferrer\"><img loading=\"lazy\" decoding=\"async\" class=\" wp-image-1790 aligncenter\" src=\"http:\/\/demainsansmucoviscidose.org\/wp-content\/uploads\/2022\/03\/CONTRAT-ENGAGEMENT-REPUBLICAIN-002-212x300.jpg\" alt=\"\" width=\"648\" height=\"917\" srcset=\"https:\/\/demainsansmucoviscidose.org\/wp-content\/uploads\/2022\/03\/CONTRAT-ENGAGEMENT-REPUBLICAIN-002-212x300.jpg 212w, https:\/\/demainsansmucoviscidose.org\/wp-content\/uploads\/2022\/03\/CONTRAT-ENGAGEMENT-REPUBLICAIN-002-768x1086.jpg 768w, https:\/\/demainsansmucoviscidose.org\/wp-content\/uploads\/2022\/03\/CONTRAT-ENGAGEMENT-REPUBLICAIN-002-724x1024.jpg 724w, https:\/\/demainsansmucoviscidose.org\/wp-content\/uploads\/2022\/03\/CONTRAT-ENGAGEMENT-REPUBLICAIN-002.jpg 1653w\" sizes=\"auto, (max-width: 648px) 100vw, 648px\" \/><\/a><\/p>\n","protected":false},"excerpt":{"rendered":"<p>Le contrat d&rsquo;engagement Republican a \u00e9t\u00e9 sign\u00e9 lors du CA le 28 f\u00e9vrier 2022.<\/p>\n","protected":false},"author":3,"featured_media":0,"parent":0,"menu_order":0,"comment_status":"closed","ping_status":"closed","template":"","meta":{"footnotes":""},"class_list":["post-1788","page","type-page","status-publish","hentry","nodate","item-wrap"],"_links":{"self":[{"href":"https:\/\/demainsansmucoviscidose.org\/index.php\/wp-json\/wp\/v2\/pages\/1788","targetHints":{"allow":["GET"]}}],"collection":[{"href":"https:\/\/demainsansmucoviscidose.org\/index.php\/wp-json\/wp\/v2\/pages"}],"about":[{"href":"https:\/\/demainsansmucoviscidose.org\/index.php\/wp-json\/wp\/v2\/types\/page"}],"author":[{"embeddable":true,"href":"https:\/\/demainsansmucoviscidose.org\/index.php\/wp-json\/wp\/v2\/users\/3"}],"replies":[{"embeddable":true,"href":"https:\/\/demainsansmucoviscidose.org\/index.php\/wp-json\/wp\/v2\/comments?post=1788"}],"version-history":[{"count":7,"href":"https:\/\/demainsansmucoviscidose.org\/index.php\/wp-json\/wp\/v2\/pages\/1788\/revisions"}],"predecessor-version":[{"id":1798,"href":"https:\/\/demainsansmucoviscidose.org\/index.php\/wp-json\/wp\/v2\/pages\/1788\/revisions\/1798"}],"wp:attachment":[{"href":"https:\/\/demainsansmucoviscidose.org\/index.php\/wp-json\/wp\/v2\/media?parent=1788"}],"curies":[{"name":"wp","href":"https:\/\/api.w.org\/{rel}","templated":true}]}}