{"id":1558,"date":"2021-06-19T08:46:38","date_gmt":"2021-06-19T07:46:38","guid":{"rendered":"http:\/\/demainsansmucoviscidose.org\/?page_id=1558"},"modified":"2021-06-19T08:46:59","modified_gmt":"2021-06-19T07:46:59","slug":"mucoviscidose-trente-ans-de-progres-scientifiques","status":"publish","type":"page","link":"https:\/\/demainsansmucoviscidose.org\/index.php\/mucoviscidose-trente-ans-de-progres-scientifiques\/","title":{"rendered":"Mucoviscidose : trente ans de progr\u00e8s scientifiques"},"content":{"rendered":"<p>Plus de <b>2 millions de fran\u00e7ais<\/b> sont porteurs sains du g\u00e8ne de la mucoviscidose, sans le savoir.<br \/>\nLorsque c\u2019est le cas des deux parents, l\u2019enfant peut \u00eatre malade.<\/p>\n<p align=\"JUSTIFY\"><span style=\"color: #0000ff;\"><b>En 2018<\/b><\/span><\/p>\n<ul>\n<li>\n<p align=\"JUSTIFY\">Tous les 3 jours, un enfant na\u00eet atteint de la mucoviscidose en France.<\/p>\n<\/li>\n<li>\n<p align=\"JUSTIFY\">Le nombre des malades \u00e9tait de <b>7180<\/b>. Les adultes repr\u00e9sentaient alors <b>57,4%<\/b> des patients.<\/p>\n<\/li>\n<li>\n<p align=\"JUSTIFY\">L\u2019\u00e2ge moyen des patients \u00e9tait de 22,5 ans. <b>Il progresse chaque ann\u00e9e de 6 mois en moyenne<\/b>.<\/p>\n<\/li>\n<\/ul>\n<p align=\"JUSTIFY\"><b><span style=\"color: #0000ff;\">Dans les ann\u00e9es 80<\/span>, l\u2019esp\u00e9rance de vie \u00e9tait d\u2019une dizaine d\u2019ann\u00e9es<\/b>.<\/p>\n<p align=\"JUSTIFY\">L\u2019identification, <span style=\"color: #0000ff;\"><b>en 1989<\/b><\/span> du g\u00e8ne responsable de la maladie <b>(CFTR)<\/b> a \u00e9t\u00e9 un premier espoir pour orienter la recherche.<\/p>\n<p align=\"JUSTIFY\"><span style=\"color: #0000ff;\"><b>Dans les ann\u00e9es 2000<\/b><\/span>, \u00ab\u00a0la strat\u00e9gie fond\u00e9e sur la th\u00e9rapie g\u00e9nique a bascul\u00e9 vers une <b>strat\u00e9gie<\/b> <b>pharmacologique<\/b>\u00a0\u00bb dit le professeur F\u00e9rec.<\/p>\n<p align=\"JUSTIFY\"><b>Il y a<span style=\"color: #0000ff;\"> quelques mois<\/span><\/b>, le laboratoire Vertex a mis au point une <b>trith\u00e9rapie baptis\u00e9e Kaftrio<\/b> ou <b>Trikafta <\/b>aux effets impressionnants mais son prix tr\u00e8s \u00e9lev\u00e9 en limite l\u2019usage en France.<\/p>\n<p align=\"JUSTIFY\">Gr\u00e2ce \u00e0 toutes ces avanc\u00e9es, l\u2019esp\u00e9rance de vie des patients a fait un grand bon en avant. Ils peuvent enfin faire <b>des projets \u00e0 long terme<\/b>. Il faut donc les accompagner.<\/p>\n<p align=\"JUSTIFY\">Tels sont les objectifs de Demain Sans Mucoviscidose qui agit au plan r\u00e9gional.<\/p>\n","protected":false},"excerpt":{"rendered":"<p>Plus de 2 millions de fran\u00e7ais sont porteurs sains du g\u00e8ne de la mucoviscidose, sans le savoir. Lorsque c\u2019est le cas des deux parents, l\u2019enfant peut \u00eatre malade. En 2018 Tous les 3 jours, un enfant na\u00eet atteint de la mucoviscidose en France. Le nombre des malades \u00e9tait de 7180. Les adultes repr\u00e9sentaient alors 57,4% &hellip; <\/p>\n<p><a class=\"more-link btn\" href=\"https:\/\/demainsansmucoviscidose.org\/index.php\/mucoviscidose-trente-ans-de-progres-scientifiques\/\">Lire la suite<\/a><\/p>\n","protected":false},"author":3,"featured_media":0,"parent":0,"menu_order":0,"comment_status":"closed","ping_status":"closed","template":"","meta":{"footnotes":""},"class_list":["post-1558","page","type-page","status-publish","hentry","nodate","item-wrap"],"_links":{"self":[{"href":"https:\/\/demainsansmucoviscidose.org\/index.php\/wp-json\/wp\/v2\/pages\/1558","targetHints":{"allow":["GET"]}}],"collection":[{"href":"https:\/\/demainsansmucoviscidose.org\/index.php\/wp-json\/wp\/v2\/pages"}],"about":[{"href":"https:\/\/demainsansmucoviscidose.org\/index.php\/wp-json\/wp\/v2\/types\/page"}],"author":[{"embeddable":true,"href":"https:\/\/demainsansmucoviscidose.org\/index.php\/wp-json\/wp\/v2\/users\/3"}],"replies":[{"embeddable":true,"href":"https:\/\/demainsansmucoviscidose.org\/index.php\/wp-json\/wp\/v2\/comments?post=1558"}],"version-history":[{"count":1,"href":"https:\/\/demainsansmucoviscidose.org\/index.php\/wp-json\/wp\/v2\/pages\/1558\/revisions"}],"predecessor-version":[{"id":1559,"href":"https:\/\/demainsansmucoviscidose.org\/index.php\/wp-json\/wp\/v2\/pages\/1558\/revisions\/1559"}],"wp:attachment":[{"href":"https:\/\/demainsansmucoviscidose.org\/index.php\/wp-json\/wp\/v2\/media?parent=1558"}],"curies":[{"name":"wp","href":"https:\/\/api.w.org\/{rel}","templated":true}]}}